{"id":1387,"date":"2022-04-02T15:12:55","date_gmt":"2022-04-02T15:12:55","guid":{"rendered":"https:\/\/mamsolicitors.com\/?page_id=1387"},"modified":"2023-02-07T12:55:17","modified_gmt":"2023-02-07T12:55:17","slug":"taxes-locales","status":"publish","type":"page","link":"https:\/\/mamsolicitors.com\/fr\/impots-espagnols\/taxes-locales\/","title":{"rendered":"Taxes Locales."},"content":{"rendered":"[vc_row type=\u00a0\u00bbin_container\u00a0\u00bb full_screen_row_position=\u00a0\u00bbmiddle\u00a0\u00bb column_margin=\u00a0\u00bb30px\u00a0\u00bb column_direction=\u00a0\u00bbdefault\u00a0\u00bb column_direction_tablet=\u00a0\u00bbdefault\u00a0\u00bb column_direction_phone=\u00a0\u00bbdefault\u00a0\u00bb scene_position=\u00a0\u00bbcenter\u00a0\u00bb top_padding=\u00a0\u00bb3%\u00a0\u00bb text_color=\u00a0\u00bbdark\u00a0\u00bb text_align=\u00a0\u00bbleft\u00a0\u00bb row_border_radius=\u00a0\u00bbnone\u00a0\u00bb row_border_radius_applies=\u00a0\u00bbbg\u00a0\u00bb overflow=\u00a0\u00bbvisible\u00a0\u00bb overlay_strength=\u00a0\u00bb0.3&Prime; gradient_direction=\u00a0\u00bbleft_to_right\u00a0\u00bb shape_divider_position=\u00a0\u00bbbottom\u00a0\u00bb bg_image_animation=\u00a0\u00bbnone\u00a0\u00bb shape_type=\u00a0\u00bb\u00a0\u00bb][vc_column column_padding=\u00a0\u00bbno-extra-padding\u00a0\u00bb column_padding_tablet=\u00a0\u00bbinherit\u00a0\u00bb column_padding_phone=\u00a0\u00bbinherit\u00a0\u00bb column_padding_position=\u00a0\u00bball\u00a0\u00bb column_element_direction_desktop=\u00a0\u00bbdefault\u00a0\u00bb column_element_spacing=\u00a0\u00bbdefault\u00a0\u00bb desktop_text_alignment=\u00a0\u00bbdefault\u00a0\u00bb tablet_text_alignment=\u00a0\u00bbdefault\u00a0\u00bb phone_text_alignment=\u00a0\u00bbdefault\u00a0\u00bb background_color_opacity=\u00a0\u00bb1&Prime; background_hover_color_opacity=\u00a0\u00bb1&Prime; column_backdrop_filter=\u00a0\u00bbnone\u00a0\u00bb column_shadow=\u00a0\u00bbnone\u00a0\u00bb column_border_radius=\u00a0\u00bbnone\u00a0\u00bb column_link_target=\u00a0\u00bb_self\u00a0\u00bb column_position=\u00a0\u00bbdefault\u00a0\u00bb gradient_direction=\u00a0\u00bbleft_to_right\u00a0\u00bb overlay_strength=\u00a0\u00bb0.3&Prime; width=\u00a0\u00bb1\/1&Prime; tablet_width_inherit=\u00a0\u00bbdefault\u00a0\u00bb animation_type=\u00a0\u00bbdefault\u00a0\u00bb bg_image_animation=\u00a0\u00bbnone\u00a0\u00bb border_type=\u00a0\u00bbsimple\u00a0\u00bb column_border_width=\u00a0\u00bbnone\u00a0\u00bb column_border_style=\u00a0\u00bbsolid\u00a0\u00bb][vc_column_text css=\u00a0\u00bb.vc_custom_1675773863673{padding-right: 10% !important;}\u00a0\u00bb]\n<h2>Imp\u00f4t sur les Plus-values<\/h2>\n<p>Plus-value est un imp\u00f4t local d\u00fb pour l\u2019augmentation de la valeur catastrale du terrain urbain depuis la date d\u2019acquisition par le propri\u00e9taire jusqu\u2019\u00e0 la date du transfert de propri\u00e9t\u00e9.<br \/>\nLa valeur cadastrale du terrain urbain est indiqu\u00e9e dans la facture de la taxe d\u2019habitation.<br \/>\nPour calculer l\u2019imp\u00f4t Plus-value, la mairie prend en compte l\u2019augmentation de la valeur du terrain, la p\u00e9riode pendant laquelle vous avez \u00e9t\u00e9 propri\u00e9taire, le pourcentage applicable \u00e0 l\u2019augmentation et le taux d\u2019imposition approuv\u00e9 par chaque mairie. La taxe Plus-value est due en cas de vente, de donation ou de succession du bien.<\/p>\n<p>Plus-value dans la vente; dans ce cas, la Plus-value sera pay\u00e9e par le vendeur.<br \/>\nVeuillez noter que, selon la loi fiscale, si le vendeur n\u2019est pas r\u00e9sident fiscal dans le pays, la mairie exigera le paiement \u00e0 l\u2019acheteur en tant que contribuable par substitution.<br \/>\nLe d\u00e9lai de pr\u00e9sentation de la d\u00e9claration Plus-value est de 30 jours ouvrables \u00e0 compter de la date signature de l\u00b4acte.<\/p>\n<p>Aujourd\u2019hui, gr\u00e2ce \u00e0 des arr\u00eats r\u00e9cents de la Cour supr\u00eame et de la Cour constitutionnelle d\u2019Espagne, vous avez le droit de r\u00e9cup\u00e9rer le montant mentionn\u00e9 si vous pouvez prouver que vous n\u2019avez pas r\u00e9alis\u00e9 de b\u00e9n\u00e9fice r\u00e9el avec la vente du bien, c\u2019est-\u00e0-dire si le prix de vente est inf\u00e9rieur au prix d\u2019achat.<\/p>\n<p>Plus-value dans les proc\u00e9dures de donation ou de succession; La Plus-value sera pay\u00e9e par le b\u00e9n\u00e9ficiaire ; c\u2019est-\u00e0-dire que la personne qui re\u00e7oit le bien est redevable de cet imp\u00f4t.<\/p>\n<p>En cas de donation, la d\u00e9claration Plus-value doit \u00eatre soumise dans les 30 jours ouvrables suivant la signature des actes de donation.<br \/>\nEn cas de succession, la d\u00e9claration Plus-value doit \u00eatre pr\u00e9sent\u00e9e dans les 6 mois suivant la date du d\u00e9c\u00e8s.[\/vc_column_text][\/vc_column][\/vc_row][vc_row type=\u00a0\u00bbin_container\u00a0\u00bb full_screen_row_position=\u00a0\u00bbmiddle\u00a0\u00bb column_margin=\u00a0\u00bb30px\u00a0\u00bb column_direction=\u00a0\u00bbdefault\u00a0\u00bb column_direction_tablet=\u00a0\u00bbdefault\u00a0\u00bb column_direction_phone=\u00a0\u00bbdefault\u00a0\u00bb scene_position=\u00a0\u00bbcenter\u00a0\u00bb text_color=\u00a0\u00bbdark\u00a0\u00bb text_align=\u00a0\u00bbleft\u00a0\u00bb row_border_radius=\u00a0\u00bbnone\u00a0\u00bb row_border_radius_applies=\u00a0\u00bbbg\u00a0\u00bb overflow=\u00a0\u00bbvisible\u00a0\u00bb overlay_strength=\u00a0\u00bb0.3&Prime; gradient_direction=\u00a0\u00bbleft_to_right\u00a0\u00bb shape_divider_position=\u00a0\u00bbbottom\u00a0\u00bb bg_image_animation=\u00a0\u00bbnone\u00a0\u00bb shape_type=\u00a0\u00bb\u00a0\u00bb][vc_column column_padding=\u00a0\u00bbno-extra-padding\u00a0\u00bb column_padding_tablet=\u00a0\u00bbinherit\u00a0\u00bb column_padding_phone=\u00a0\u00bbinherit\u00a0\u00bb column_padding_position=\u00a0\u00bball\u00a0\u00bb column_element_direction_desktop=\u00a0\u00bbdefault\u00a0\u00bb column_element_spacing=\u00a0\u00bbdefault\u00a0\u00bb desktop_text_alignment=\u00a0\u00bbdefault\u00a0\u00bb tablet_text_alignment=\u00a0\u00bbdefault\u00a0\u00bb phone_text_alignment=\u00a0\u00bbdefault\u00a0\u00bb background_color_opacity=\u00a0\u00bb1&Prime; background_hover_color_opacity=\u00a0\u00bb1&Prime; column_backdrop_filter=\u00a0\u00bbnone\u00a0\u00bb column_shadow=\u00a0\u00bbnone\u00a0\u00bb column_border_radius=\u00a0\u00bbnone\u00a0\u00bb column_link_target=\u00a0\u00bb_self\u00a0\u00bb column_position=\u00a0\u00bbdefault\u00a0\u00bb gradient_direction=\u00a0\u00bbleft_to_right\u00a0\u00bb overlay_strength=\u00a0\u00bb0.3&Prime; width=\u00a0\u00bb1\/2&Prime; tablet_width_inherit=\u00a0\u00bbdefault\u00a0\u00bb animation_type=\u00a0\u00bbdefault\u00a0\u00bb bg_image_animation=\u00a0\u00bbnone\u00a0\u00bb border_type=\u00a0\u00bbsimple\u00a0\u00bb column_border_width=\u00a0\u00bbnone\u00a0\u00bb column_border_style=\u00a0\u00bbsolid\u00a0\u00bb][vc_column_text css=\u00a0\u00bb.vc_custom_1675774512222{padding-right: 10% !important;}\u00a0\u00bb]\n<h2>L&rsquo;imp\u00f4t sur les Biens Immobiliers.<\/h2>\n<p><span style=\"font-weight: 400;\">Il s&rsquo;agit d&rsquo;un imp\u00f4t direct bas\u00e9 sur la valeur de la \u00a0propri\u00e9t\u00e9. Il est connu sous le nom de TAUX LOCAUX, TAXE MUNICIPALE ou IBI (et FACTURE SUMA dans la r\u00e9gion d&rsquo;Alicante). Tous ces noms ont la m\u00eame signification.\u00a0<\/span><\/p>\n<p><span style=\"font-weight: 400;\">Chaque conseil municipal d\u00e9termine le pourcentage \u00e0 appliquer \u00e0 la valeur cadastrale de la propri\u00e9t\u00e9. Chaque ann\u00e9e, les mairies augmentent la valeur de l&rsquo;imp\u00f4t en appliquant le pourcentage donn\u00e9 par le gouvernement dans la loi de finances de la nation.\u00a0<\/span><\/p>\n<p>Il s\u2019agit \u00e9galement d&rsquo;une taxe annuelle, il est possbile et fortement recommand\u00e9 d\u2019\u00e9tablir un pr\u00e9l\u00e8vement automatique.<\/p>\n<p><span style=\"font-weight: 400;\">La personne qui est propri\u00e9taire \u2026 du bien au 1er Janvier est responsable du paiement de cette taxe.<\/span>[\/vc_column_text][\/vc_column][vc_column column_padding=\u00a0\u00bbno-extra-padding\u00a0\u00bb column_padding_tablet=\u00a0\u00bbinherit\u00a0\u00bb column_padding_phone=\u00a0\u00bbinherit\u00a0\u00bb column_padding_position=\u00a0\u00bball\u00a0\u00bb column_element_direction_desktop=\u00a0\u00bbdefault\u00a0\u00bb column_element_spacing=\u00a0\u00bbdefault\u00a0\u00bb desktop_text_alignment=\u00a0\u00bbdefault\u00a0\u00bb tablet_text_alignment=\u00a0\u00bbdefault\u00a0\u00bb phone_text_alignment=\u00a0\u00bbdefault\u00a0\u00bb background_color_opacity=\u00a0\u00bb1&Prime; background_hover_color_opacity=\u00a0\u00bb1&Prime; column_backdrop_filter=\u00a0\u00bbnone\u00a0\u00bb column_shadow=\u00a0\u00bbnone\u00a0\u00bb column_border_radius=\u00a0\u00bbnone\u00a0\u00bb column_link_target=\u00a0\u00bb_self\u00a0\u00bb column_position=\u00a0\u00bbdefault\u00a0\u00bb gradient_direction=\u00a0\u00bbleft_to_right\u00a0\u00bb overlay_strength=\u00a0\u00bb0.3&Prime; width=\u00a0\u00bb1\/2&Prime; tablet_width_inherit=\u00a0\u00bbdefault\u00a0\u00bb animation_type=\u00a0\u00bbdefault\u00a0\u00bb bg_image_animation=\u00a0\u00bbnone\u00a0\u00bb border_type=\u00a0\u00bbsimple\u00a0\u00bb column_border_width=\u00a0\u00bbnone\u00a0\u00bb column_border_style=\u00a0\u00bbsolid\u00a0\u00bb][vc_column_text css=\u00a0\u00bb.vc_custom_1651850146567{padding-right: 10% !important;}\u00a0\u00bb]\n<h2>Taxe sur les v\u00e9hicules<\/h2>\n<p><span style=\"font-weight: 400;\">C&rsquo;est ce qu&rsquo;on appelle l&rsquo;IVTM.\u00a0<\/span><\/p>\n<p><span style=\"font-weight: 400;\">Il s&rsquo;agit d&rsquo;une taxe annuelle per\u00e7ue par la mairie o\u00f9 la voiture est immatricul\u00e9e.\u00a0<\/span><\/p>\n<p><span style=\"font-weight: 400;\">La facture sera re\u00e7ue entre mars et juin. Cela d\u00e9pendra de chaque mairie.\u00a0<\/span><\/p>\n<p><span style=\"font-weight: 400;\">Le montant \u00e0 payer est fix\u00e9 par les autorit\u00e9s municipales et varie d&rsquo;une ville \u00e0 l&rsquo;autre. Le pouvoir fiscal est \u00e9galement pris en compte pour fixer l&rsquo;imp\u00f4t d\u00fb.<\/span>[\/vc_column_text][\/vc_column][\/vc_row][vc_row type=\u00a0\u00bbin_container\u00a0\u00bb full_screen_row_position=\u00a0\u00bbmiddle\u00a0\u00bb column_margin=\u00a0\u00bb30px\u00a0\u00bb column_direction=\u00a0\u00bbdefault\u00a0\u00bb column_direction_tablet=\u00a0\u00bbdefault\u00a0\u00bb column_direction_phone=\u00a0\u00bbdefault\u00a0\u00bb scene_position=\u00a0\u00bbcenter\u00a0\u00bb bottom_padding=\u00a0\u00bb3%\u00a0\u00bb text_color=\u00a0\u00bbdark\u00a0\u00bb text_align=\u00a0\u00bbleft\u00a0\u00bb row_border_radius=\u00a0\u00bbnone\u00a0\u00bb row_border_radius_applies=\u00a0\u00bbbg\u00a0\u00bb overflow=\u00a0\u00bbvisible\u00a0\u00bb overlay_strength=\u00a0\u00bb0.3&Prime; gradient_direction=\u00a0\u00bbleft_to_right\u00a0\u00bb shape_divider_position=\u00a0\u00bbbottom\u00a0\u00bb bg_image_animation=\u00a0\u00bbnone\u00a0\u00bb shape_type=\u00a0\u00bb\u00a0\u00bb][vc_column column_padding=\u00a0\u00bbno-extra-padding\u00a0\u00bb column_padding_tablet=\u00a0\u00bbinherit\u00a0\u00bb column_padding_phone=\u00a0\u00bbinherit\u00a0\u00bb column_padding_position=\u00a0\u00bball\u00a0\u00bb column_element_direction_desktop=\u00a0\u00bbdefault\u00a0\u00bb column_element_spacing=\u00a0\u00bbdefault\u00a0\u00bb desktop_text_alignment=\u00a0\u00bbdefault\u00a0\u00bb tablet_text_alignment=\u00a0\u00bbdefault\u00a0\u00bb phone_text_alignment=\u00a0\u00bbdefault\u00a0\u00bb background_color_opacity=\u00a0\u00bb1&Prime; background_hover_color_opacity=\u00a0\u00bb1&Prime; column_backdrop_filter=\u00a0\u00bbnone\u00a0\u00bb column_shadow=\u00a0\u00bbnone\u00a0\u00bb column_border_radius=\u00a0\u00bbnone\u00a0\u00bb column_link_target=\u00a0\u00bb_self\u00a0\u00bb column_position=\u00a0\u00bbdefault\u00a0\u00bb gradient_direction=\u00a0\u00bbleft_to_right\u00a0\u00bb overlay_strength=\u00a0\u00bb0.3&Prime; width=\u00a0\u00bb1\/2&Prime; tablet_width_inherit=\u00a0\u00bbdefault\u00a0\u00bb animation_type=\u00a0\u00bbdefault\u00a0\u00bb bg_image_animation=\u00a0\u00bbnone\u00a0\u00bb border_type=\u00a0\u00bbsimple\u00a0\u00bb column_border_width=\u00a0\u00bbnone\u00a0\u00bb column_border_style=\u00a0\u00bbsolid\u00a0\u00bb][vc_column_text css=\u00a0\u00bb.vc_custom_1675774402625{padding-right: 10% !important;}\u00a0\u00bb]\n<h2>Vado Permanente (taxe sur l\u00b4entr\u00e9e de v\u00e9hicules)<\/h2>\n<p><span style=\"font-weight: 400;\">Si vous avez un garage ou une entr\u00e9e qui permet l&rsquo;acc\u00e8s d&rsquo;un v\u00e9hicule \u00e0 une propri\u00e9t\u00e9, vous \u00eates oblig\u00e9 de payer cette taxe locale. C&rsquo;est parce que vous traversez le chemin pi\u00e9tonnier public.\u00a0<\/span><\/p>\n<p><span style=\"font-weight: 400;\">Que se passe-t-il si vous ne la payez pas ? La mairie a le droit de bloquer l&rsquo;entr\u00e9e et de remplacer (par exemple) la rampe par un trottoir plus haut. Ces travaux seront factur\u00e9s au propri\u00e9taire.\u00a0<\/span><\/p>\n<p><span style=\"font-weight: 400;\">Le montant de la taxe due varie en fonction de la largeur de l&rsquo;entr\u00e9e utilis\u00e9e et du nombre de places de stationnement.\u00a0<\/span><\/p>\n<p><span style=\"font-weight: 400;\">Le paiement est annuel et vous recevrez g\u00e9n\u00e9ralement la facture entre mars et juin, mais cela d\u00e9pend de chaque mairie.\u00a0<\/span><\/p>\n<p><span style=\"font-weight: 400;\">De plus, chaque garage doit \u00eatre \u00e9quip\u00e9 d&rsquo;un panneau \u00ab\u00a0vado permanente\u00a0\u00bb avec un permis de conduire et il s&rsquo;agit d&rsquo;un paiement unique. Ce panneau signifie que si une voiture est gar\u00e9e dans votre entr\u00e9e, elle peut \u00eatre enlev\u00e9e. <\/span>[\/vc_column_text][\/vc_column][vc_column column_padding=\u00a0\u00bbno-extra-padding\u00a0\u00bb column_padding_tablet=\u00a0\u00bbinherit\u00a0\u00bb column_padding_phone=\u00a0\u00bbinherit\u00a0\u00bb column_padding_position=\u00a0\u00bball\u00a0\u00bb column_element_direction_desktop=\u00a0\u00bbdefault\u00a0\u00bb column_element_spacing=\u00a0\u00bbdefault\u00a0\u00bb desktop_text_alignment=\u00a0\u00bbdefault\u00a0\u00bb tablet_text_alignment=\u00a0\u00bbdefault\u00a0\u00bb phone_text_alignment=\u00a0\u00bbdefault\u00a0\u00bb background_color_opacity=\u00a0\u00bb1&Prime; background_hover_color_opacity=\u00a0\u00bb1&Prime; column_backdrop_filter=\u00a0\u00bbnone\u00a0\u00bb column_shadow=\u00a0\u00bbnone\u00a0\u00bb column_border_radius=\u00a0\u00bbnone\u00a0\u00bb column_link_target=\u00a0\u00bb_self\u00a0\u00bb column_position=\u00a0\u00bbdefault\u00a0\u00bb gradient_direction=\u00a0\u00bbleft_to_right\u00a0\u00bb overlay_strength=\u00a0\u00bb0.3&Prime; width=\u00a0\u00bb1\/2&Prime; tablet_width_inherit=\u00a0\u00bbdefault\u00a0\u00bb animation_type=\u00a0\u00bbdefault\u00a0\u00bb bg_image_animation=\u00a0\u00bbnone\u00a0\u00bb border_type=\u00a0\u00bbsimple\u00a0\u00bb column_border_width=\u00a0\u00bbnone\u00a0\u00bb column_border_style=\u00a0\u00bbsolid\u00a0\u00bb][vc_column_text css=\u00a0\u00bb.vc_custom_1651850335244{padding-right: 10% !important;}\u00a0\u00bb]\n<h2>Taxe sur les Ordures M\u00e9nag\u00e8res (Basura)<\/h2>\n<p><span style=\"font-weight: 400;\">C&rsquo;est la redevance locale que vous \u00eates oblig\u00e9 de payer \u00e0 la mairie o\u00f9 se trouve votre propri\u00e9t\u00e9 pour l&rsquo;enl\u00e8vement des ordures.\u00a0<\/span><\/p>\n<p><span style=\"font-weight: 400;\">Le paiement est obligatoire m\u00eame si le bien est inoccup\u00e9.\u00a0<\/span><\/p>\n<p><span style=\"font-weight: 400;\">Chaque mairie fixe le montant d\u00fb qui est diff\u00e9rent d&rsquo;une ville \u00e0 l&rsquo;autre.\u00a0<\/span><\/p>\n<p><span style=\"font-weight: 400;\">Dans certaines villes comme San Javier (Murcie), le paiement est exig\u00e9 tous les 6 mois.\u00a0<\/span><\/p>\n<p><span style=\"font-weight: 400;\">Dans d&rsquo;autres comme Vera (Almeria), la facture est \u00e9mise chaque trimestre.\u00a0<\/span><\/p>\n<p><span style=\"font-weight: 400;\">Vous pouvez mettre en place un pr\u00e9l\u00e8vement automatique pour le paiement.<\/span>[\/vc_column_text][\/vc_column][\/vc_row]\n","protected":false},"excerpt":{"rendered":"<p>[vc_row type=\u00a0\u00bbin_container\u00a0\u00bb full_screen_row_position=\u00a0\u00bbmiddle\u00a0\u00bb column_margin=\u00a0\u00bb30px\u00a0\u00bb column_direction=\u00a0\u00bbdefault\u00a0\u00bb column_direction_tablet=\u00a0\u00bbdefault\u00a0\u00bb column_direction_phone=\u00a0\u00bbdefault\u00a0\u00bb scene_position=\u00a0\u00bbcenter\u00a0\u00bb top_padding=\u00a0\u00bb3%\u00a0\u00bb text_color=\u00a0\u00bbdark\u00a0\u00bb text_align=\u00a0\u00bbleft\u00a0\u00bb row_border_radius=\u00a0\u00bbnone\u00a0\u00bb row_border_radius_applies=\u00a0\u00bbbg\u00a0\u00bb overflow=\u00a0\u00bbvisible\u00a0\u00bb overlay_strength=\u00a0\u00bb0.3&Prime; gradient_direction=\u00a0\u00bbleft_to_right\u00a0\u00bb shape_divider_position=\u00a0\u00bbbottom\u00a0\u00bb bg_image_animation=\u00a0\u00bbnone\u00a0\u00bb shape_type=\u00a0\u00bb\u00a0\u00bb][vc_column column_padding=\u00a0\u00bbno-extra-padding\u00a0\u00bb column_padding_tablet=\u00a0\u00bbinherit\u00a0\u00bb column_padding_phone=\u00a0\u00bbinherit\u00a0\u00bb column_padding_position=\u00a0\u00bball\u00a0\u00bb column_element_direction_desktop=\u00a0\u00bbdefault\u00a0\u00bb column_element_spacing=\u00a0\u00bbdefault\u00a0\u00bb desktop_text_alignment=\u00a0\u00bbdefault\u00a0\u00bb tablet_text_alignment=\u00a0\u00bbdefault\u00a0\u00bb phone_text_alignment=\u00a0\u00bbdefault\u00a0\u00bb background_color_opacity=\u00a0\u00bb1&Prime; background_hover_color_opacity=\u00a0\u00bb1&Prime;&#8230;<\/p>\n","protected":false},"author":3,"featured_media":0,"parent":1376,"menu_order":0,"comment_status":"closed","ping_status":"closed","template":"","meta":{"footnotes":""},"class_list":["post-1387","page","type-page","status-publish"],"yoast_head":"<!-- This site is optimized with the Yoast SEO plugin v25.9 - https:\/\/yoast.com\/wordpress\/plugins\/seo\/ -->\n<title>Taxes Locales. - MAM<\/title>\n<meta name=\"robots\" content=\"index, follow, max-snippet:-1, max-image-preview:large, max-video-preview:-1\" \/>\n<link rel=\"canonical\" href=\"https:\/\/mamsolicitors.com\/fr\/impots-espagnols\/taxes-locales\/\" \/>\n<meta property=\"og:locale\" content=\"fr_FR\" \/>\n<meta property=\"og:type\" content=\"article\" \/>\n<meta property=\"og:title\" content=\"Taxes Locales. - MAM\" \/>\n<meta property=\"og:description\" content=\"[vc_row type=\u00a0\u00bbin_container\u00a0\u00bb full_screen_row_position=\u00a0\u00bbmiddle\u00a0\u00bb column_margin=\u00a0\u00bb30px\u00a0\u00bb column_direction=\u00a0\u00bbdefault\u00a0\u00bb column_direction_tablet=\u00a0\u00bbdefault\u00a0\u00bb column_direction_phone=\u00a0\u00bbdefault\u00a0\u00bb scene_position=\u00a0\u00bbcenter\u00a0\u00bb top_padding=\u00a0\u00bb3%\u00a0\u00bb text_color=\u00a0\u00bbdark\u00a0\u00bb text_align=\u00a0\u00bbleft\u00a0\u00bb row_border_radius=\u00a0\u00bbnone\u00a0\u00bb row_border_radius_applies=\u00a0\u00bbbg\u00a0\u00bb overflow=\u00a0\u00bbvisible\u00a0\u00bb overlay_strength=\u00a0\u00bb0.3&Prime; gradient_direction=\u00a0\u00bbleft_to_right\u00a0\u00bb shape_divider_position=\u00a0\u00bbbottom\u00a0\u00bb bg_image_animation=\u00a0\u00bbnone\u00a0\u00bb shape_type=\u00a0\u00bb\u00a0\u00bb][vc_column column_padding=\u00a0\u00bbno-extra-padding\u00a0\u00bb column_padding_tablet=\u00a0\u00bbinherit\u00a0\u00bb column_padding_phone=\u00a0\u00bbinherit\u00a0\u00bb column_padding_position=\u00a0\u00bball\u00a0\u00bb column_element_direction_desktop=\u00a0\u00bbdefault\u00a0\u00bb column_element_spacing=\u00a0\u00bbdefault\u00a0\u00bb desktop_text_alignment=\u00a0\u00bbdefault\u00a0\u00bb tablet_text_alignment=\u00a0\u00bbdefault\u00a0\u00bb phone_text_alignment=\u00a0\u00bbdefault\u00a0\u00bb background_color_opacity=\u00a0\u00bb1&Prime; background_hover_color_opacity=\u00a0\u00bb1&Prime;...\" \/>\n<meta property=\"og:url\" content=\"https:\/\/mamsolicitors.com\/fr\/impots-espagnols\/taxes-locales\/\" \/>\n<meta property=\"og:site_name\" content=\"MAM\" \/>\n<meta property=\"article:modified_time\" content=\"2023-02-07T12:55:17+00:00\" \/>\n<meta name=\"twitter:card\" content=\"summary_large_image\" \/>\n<meta name=\"twitter:label1\" content=\"Dur\u00e9e de lecture estim\u00e9e\" \/>\n\t<meta name=\"twitter:data1\" content=\"4 minutes\" \/>\n<script type=\"application\/ld+json\" class=\"yoast-schema-graph\">{\"@context\":\"https:\/\/schema.org\",\"@graph\":[{\"@type\":\"WebPage\",\"@id\":\"https:\/\/mamsolicitors.com\/fr\/impots-espagnols\/taxes-locales\/\",\"url\":\"https:\/\/mamsolicitors.com\/fr\/impots-espagnols\/taxes-locales\/\",\"name\":\"Taxes Locales. - MAM\",\"isPartOf\":{\"@id\":\"https:\/\/mamsolicitors.com\/#website\"},\"datePublished\":\"2022-04-02T15:12:55+00:00\",\"dateModified\":\"2023-02-07T12:55:17+00:00\",\"breadcrumb\":{\"@id\":\"https:\/\/mamsolicitors.com\/fr\/impots-espagnols\/taxes-locales\/#breadcrumb\"},\"inLanguage\":\"fr-FR\",\"potentialAction\":[{\"@type\":\"ReadAction\",\"target\":[\"https:\/\/mamsolicitors.com\/fr\/impots-espagnols\/taxes-locales\/\"]}]},{\"@type\":\"BreadcrumbList\",\"@id\":\"https:\/\/mamsolicitors.com\/fr\/impots-espagnols\/taxes-locales\/#breadcrumb\",\"itemListElement\":[{\"@type\":\"ListItem\",\"position\":1,\"name\":\"Home\",\"item\":\"https:\/\/mamsolicitors.com\/fr\/\"},{\"@type\":\"ListItem\",\"position\":2,\"name\":\"Imp\u00f4ts espagnols\",\"item\":\"https:\/\/mamsolicitors.com\/fr\/impots-espagnols\/\"},{\"@type\":\"ListItem\",\"position\":3,\"name\":\"Taxes Locales.\"}]},{\"@type\":\"WebSite\",\"@id\":\"https:\/\/mamsolicitors.com\/#website\",\"url\":\"https:\/\/mamsolicitors.com\/\",\"name\":\"MAM\",\"description\":\"Your trusted Law Firm in Spain\",\"potentialAction\":[{\"@type\":\"SearchAction\",\"target\":{\"@type\":\"EntryPoint\",\"urlTemplate\":\"https:\/\/mamsolicitors.com\/?s={search_term_string}\"},\"query-input\":{\"@type\":\"PropertyValueSpecification\",\"valueRequired\":true,\"valueName\":\"search_term_string\"}}],\"inLanguage\":\"fr-FR\"}]}<\/script>\n<!-- \/ Yoast SEO plugin. -->","yoast_head_json":{"title":"Taxes Locales. - MAM","robots":{"index":"index","follow":"follow","max-snippet":"max-snippet:-1","max-image-preview":"max-image-preview:large","max-video-preview":"max-video-preview:-1"},"canonical":"https:\/\/mamsolicitors.com\/fr\/impots-espagnols\/taxes-locales\/","og_locale":"fr_FR","og_type":"article","og_title":"Taxes Locales. - MAM","og_description":"[vc_row type=\u00a0\u00bbin_container\u00a0\u00bb full_screen_row_position=\u00a0\u00bbmiddle\u00a0\u00bb column_margin=\u00a0\u00bb30px\u00a0\u00bb column_direction=\u00a0\u00bbdefault\u00a0\u00bb column_direction_tablet=\u00a0\u00bbdefault\u00a0\u00bb column_direction_phone=\u00a0\u00bbdefault\u00a0\u00bb scene_position=\u00a0\u00bbcenter\u00a0\u00bb top_padding=\u00a0\u00bb3%\u00a0\u00bb text_color=\u00a0\u00bbdark\u00a0\u00bb text_align=\u00a0\u00bbleft\u00a0\u00bb row_border_radius=\u00a0\u00bbnone\u00a0\u00bb row_border_radius_applies=\u00a0\u00bbbg\u00a0\u00bb overflow=\u00a0\u00bbvisible\u00a0\u00bb overlay_strength=\u00a0\u00bb0.3&Prime; gradient_direction=\u00a0\u00bbleft_to_right\u00a0\u00bb shape_divider_position=\u00a0\u00bbbottom\u00a0\u00bb bg_image_animation=\u00a0\u00bbnone\u00a0\u00bb shape_type=\u00a0\u00bb\u00a0\u00bb][vc_column column_padding=\u00a0\u00bbno-extra-padding\u00a0\u00bb column_padding_tablet=\u00a0\u00bbinherit\u00a0\u00bb column_padding_phone=\u00a0\u00bbinherit\u00a0\u00bb column_padding_position=\u00a0\u00bball\u00a0\u00bb column_element_direction_desktop=\u00a0\u00bbdefault\u00a0\u00bb column_element_spacing=\u00a0\u00bbdefault\u00a0\u00bb desktop_text_alignment=\u00a0\u00bbdefault\u00a0\u00bb tablet_text_alignment=\u00a0\u00bbdefault\u00a0\u00bb phone_text_alignment=\u00a0\u00bbdefault\u00a0\u00bb background_color_opacity=\u00a0\u00bb1&Prime; background_hover_color_opacity=\u00a0\u00bb1&Prime;...","og_url":"https:\/\/mamsolicitors.com\/fr\/impots-espagnols\/taxes-locales\/","og_site_name":"MAM","article_modified_time":"2023-02-07T12:55:17+00:00","twitter_card":"summary_large_image","twitter_misc":{"Dur\u00e9e de lecture estim\u00e9e":"4 minutes"},"schema":{"@context":"https:\/\/schema.org","@graph":[{"@type":"WebPage","@id":"https:\/\/mamsolicitors.com\/fr\/impots-espagnols\/taxes-locales\/","url":"https:\/\/mamsolicitors.com\/fr\/impots-espagnols\/taxes-locales\/","name":"Taxes Locales. - MAM","isPartOf":{"@id":"https:\/\/mamsolicitors.com\/#website"},"datePublished":"2022-04-02T15:12:55+00:00","dateModified":"2023-02-07T12:55:17+00:00","breadcrumb":{"@id":"https:\/\/mamsolicitors.com\/fr\/impots-espagnols\/taxes-locales\/#breadcrumb"},"inLanguage":"fr-FR","potentialAction":[{"@type":"ReadAction","target":["https:\/\/mamsolicitors.com\/fr\/impots-espagnols\/taxes-locales\/"]}]},{"@type":"BreadcrumbList","@id":"https:\/\/mamsolicitors.com\/fr\/impots-espagnols\/taxes-locales\/#breadcrumb","itemListElement":[{"@type":"ListItem","position":1,"name":"Home","item":"https:\/\/mamsolicitors.com\/fr\/"},{"@type":"ListItem","position":2,"name":"Imp\u00f4ts espagnols","item":"https:\/\/mamsolicitors.com\/fr\/impots-espagnols\/"},{"@type":"ListItem","position":3,"name":"Taxes Locales."}]},{"@type":"WebSite","@id":"https:\/\/mamsolicitors.com\/#website","url":"https:\/\/mamsolicitors.com\/","name":"MAM","description":"Your trusted Law Firm in Spain","potentialAction":[{"@type":"SearchAction","target":{"@type":"EntryPoint","urlTemplate":"https:\/\/mamsolicitors.com\/?s={search_term_string}"},"query-input":{"@type":"PropertyValueSpecification","valueRequired":true,"valueName":"search_term_string"}}],"inLanguage":"fr-FR"}]}},"_links":{"self":[{"href":"https:\/\/mamsolicitors.com\/fr\/wp-json\/wp\/v2\/pages\/1387","targetHints":{"allow":["GET"]}}],"collection":[{"href":"https:\/\/mamsolicitors.com\/fr\/wp-json\/wp\/v2\/pages"}],"about":[{"href":"https:\/\/mamsolicitors.com\/fr\/wp-json\/wp\/v2\/types\/page"}],"author":[{"embeddable":true,"href":"https:\/\/mamsolicitors.com\/fr\/wp-json\/wp\/v2\/users\/3"}],"replies":[{"embeddable":true,"href":"https:\/\/mamsolicitors.com\/fr\/wp-json\/wp\/v2\/comments?post=1387"}],"version-history":[{"count":6,"href":"https:\/\/mamsolicitors.com\/fr\/wp-json\/wp\/v2\/pages\/1387\/revisions"}],"predecessor-version":[{"id":2182,"href":"https:\/\/mamsolicitors.com\/fr\/wp-json\/wp\/v2\/pages\/1387\/revisions\/2182"}],"up":[{"embeddable":true,"href":"https:\/\/mamsolicitors.com\/fr\/wp-json\/wp\/v2\/pages\/1376"}],"wp:attachment":[{"href":"https:\/\/mamsolicitors.com\/fr\/wp-json\/wp\/v2\/media?parent=1387"}],"curies":[{"name":"wp","href":"https:\/\/api.w.org\/{rel}","templated":true}]}}