{"id":1358,"date":"2022-04-02T13:52:12","date_gmt":"2022-04-02T13:52:12","guid":{"rendered":"https:\/\/mamsolicitors.com\/?page_id=1358"},"modified":"2023-02-07T13:12:01","modified_gmt":"2023-02-07T13:12:01","slug":"mise-en-vente-de-la-maison","status":"publish","type":"page","link":"https:\/\/mamsolicitors.com\/fr\/vendre-sa-maison\/mise-en-vente-de-la-maison\/","title":{"rendered":"Mise en vente de la propri\u00e9t\u00e9"},"content":{"rendered":"[vc_row type=\u00a0\u00bbin_container\u00a0\u00bb full_screen_row_position=\u00a0\u00bbmiddle\u00a0\u00bb column_margin=\u00a0\u00bb30px\u00a0\u00bb column_direction=\u00a0\u00bbdefault\u00a0\u00bb column_direction_tablet=\u00a0\u00bbdefault\u00a0\u00bb column_direction_phone=\u00a0\u00bbdefault\u00a0\u00bb scene_position=\u00a0\u00bbcenter\u00a0\u00bb top_padding=\u00a0\u00bb3%\u00a0\u00bb bottom_padding=\u00a0\u00bb3%\u00a0\u00bb text_color=\u00a0\u00bbdark\u00a0\u00bb text_align=\u00a0\u00bbleft\u00a0\u00bb row_border_radius=\u00a0\u00bbnone\u00a0\u00bb row_border_radius_applies=\u00a0\u00bbbg\u00a0\u00bb overflow=\u00a0\u00bbvisible\u00a0\u00bb overlay_strength=\u00a0\u00bb0.3&Prime; gradient_direction=\u00a0\u00bbleft_to_right\u00a0\u00bb shape_divider_position=\u00a0\u00bbbottom\u00a0\u00bb bg_image_animation=\u00a0\u00bbnone\u00a0\u00bb shape_type=\u00a0\u00bb\u00a0\u00bb][vc_column column_padding=\u00a0\u00bbno-extra-padding\u00a0\u00bb column_padding_tablet=\u00a0\u00bbinherit\u00a0\u00bb column_padding_phone=\u00a0\u00bbinherit\u00a0\u00bb column_padding_position=\u00a0\u00bball\u00a0\u00bb column_element_direction_desktop=\u00a0\u00bbdefault\u00a0\u00bb column_element_spacing=\u00a0\u00bbdefault\u00a0\u00bb desktop_text_alignment=\u00a0\u00bbdefault\u00a0\u00bb tablet_text_alignment=\u00a0\u00bbdefault\u00a0\u00bb phone_text_alignment=\u00a0\u00bbdefault\u00a0\u00bb background_color_opacity=\u00a0\u00bb1&Prime; background_hover_color_opacity=\u00a0\u00bb1&Prime; column_backdrop_filter=\u00a0\u00bbnone\u00a0\u00bb column_shadow=\u00a0\u00bbnone\u00a0\u00bb column_border_radius=\u00a0\u00bbnone\u00a0\u00bb column_link_target=\u00a0\u00bb_self\u00a0\u00bb column_position=\u00a0\u00bbdefault\u00a0\u00bb gradient_direction=\u00a0\u00bbleft_to_right\u00a0\u00bb overlay_strength=\u00a0\u00bb0.3&Prime; width=\u00a0\u00bb1\/1&Prime; tablet_width_inherit=\u00a0\u00bbdefault\u00a0\u00bb animation_type=\u00a0\u00bbdefault\u00a0\u00bb bg_image_animation=\u00a0\u00bbnone\u00a0\u00bb border_type=\u00a0\u00bbsimple\u00a0\u00bb column_border_width=\u00a0\u00bbnone\u00a0\u00bb column_border_style=\u00a0\u00bbsolid\u00a0\u00bb][vc_column_text css=\u00a0\u00bb.vc_custom_1675775512301{padding-right: 10% !important;}\u00a0\u00bb]Si la situation juridique de la propri\u00e9t\u00e9 est correcte, vous pouvez la mettre en vente.<br \/>\nSi vous effectuez une vente directe (sans l\u2019intervention d\u2019un agent), votre avocat doit pr\u00e9parer le contrat de r\u00e9servation\/vente, en veillant \u00e0 ce que les conditions convenues soient celles qui doivent \u00eatre inscrites dans le contrat et en incorporant les clauses p\u00e9nales appropri\u00e9es au cas o\u00f9 l\u2019acheteur n\u2019ach\u00e8verait pas la vente.<\/p>\n<p>Si vous allez vendre la maison par l\u2019interm\u00e9diaire d\u2019un agent immobilier, vous devez fixer avec l\u2019agence les conditions particuli\u00e8res de la vente (prix de vente minimum, commission que l\u2019agent recevra sur la vente, exclusivit\u00e9 ou non, dur\u00e9e du mandat de vente). Il est souhaitable (pratique) de signer avec l\u2019agence un mandat de vente stipulant tous ces crit\u00e8res.<\/p>\n<p>Dans tous les cas, il est conseill\u00e9 de le d\u00e9terminer \u00e9galement dans le contrat :<\/p>\n<ul>\n<li>Le calendrier particulier des paiements. Si l\u2019ach\u00e8vement est relativement proche, il est d\u2019usage de recevoir une petite r\u00e9serve (3 000 \/ 6 000 \u20ac) et de payer le reste \u00e0 la signature de l\u00b4acte. Si la signature est pr\u00e9vue dans plusieurs mois, il est conseill\u00e9 de signer le contrat d\u2019achat et d\u2019\u00e9tablir un paiement interm\u00e9diaire (10% \/ 20% du prix de vente) en plus de la r\u00e9servation.<\/li>\n<li>S\u2019il y a des inventaires (stocks) inclus dans la vente .<\/li>\n<li>Qui doit payer les frais juridiques li\u00e9s \u00e0 l\u2019achat ? Selon la loi, le vendeur paie la taxe de plus-value et les frais de notaire pour l\u2019\u00e9mission de l\u2019acte de vente et l\u2019acheteur paie les imp\u00f4ts locaux de l\u00b4ann\u00e9e en cours, la taxe de transmission et les frais de notaire pour la \u00ab Copia Autorizada \u00bb (copie papier) de l\u2019acte d\u2019achat qu\u2019il doit pr\u00e9senter au cadastre. Dans tous les cas, la coutume veut que l\u2019acheteur paie tout et le vendeur la taxe Plusval\u00eda.<\/li>\n<li>En ce qui concerne les imp\u00f4ts locaux (IBI \/ SUMA) pour l\u2019ann\u00e9e de la vente, qui va les payer ? Selon la loi, c\u2019est le propri\u00e9taire de la maison au 01\/01 de l\u2019ann\u00e9e qui est responsable du paiement de la totalit\u00e9 de la facture IBI, mais les parties peuvent convenir de diviser son paiement proportionnellement au nombre de jours pendant lesquels chaque partie sera propri\u00e9taire de la maison.<\/li>\n<\/ul>\n<p>Si vous donnez une procuration \u00e0 votre avocat, il peut \u00eatre charg\u00e9 non seulement de pr\u00e9parer, mais aussi de signer tous les documents n\u00e9cessaires avec l\u2019acheteur\/l\u2019agence (surtout si vous n\u2019\u00eates pas en Espagne).[\/vc_column_text][nectar_btn size=\u00a0\u00bbmedium\u00a0\u00bb button_style=\u00a0\u00bbregular\u00a0\u00bb button_color_2=\u00a0\u00bbAccent-Color\u00a0\u00bb icon_family=\u00a0\u00bbnone\u00a0\u00bb text=\u00a0\u00bbAller \u00e0 Pr\u00e9-accomplissement et ach\u00e8vement\u00a0\u00bb url=\u00a0\u00bbhttps:\/\/mamsolicitors.com\/fr\/vendre-sa-maison\/pre-accomplissement-et-achevement\/\u00a0\u00bb][\/vc_column][\/vc_row][vc_row type=\u00a0\u00bbfull_width_content\u00a0\u00bb full_screen_row_position=\u00a0\u00bbmiddle\u00a0\u00bb column_margin=\u00a0\u00bbdefault\u00a0\u00bb column_direction=\u00a0\u00bbdefault\u00a0\u00bb column_direction_tablet=\u00a0\u00bbdefault\u00a0\u00bb column_direction_phone=\u00a0\u00bbdefault\u00a0\u00bb bg_image=\u00a0\u00bb414&Prime; bg_position=\u00a0\u00bbcenter center\u00a0\u00bb background_image_loading=\u00a0\u00bbdefault\u00a0\u00bb bg_repeat=\u00a0\u00bbno-repeat\u00a0\u00bb scene_position=\u00a0\u00bbcenter\u00a0\u00bb top_padding=\u00a0\u00bb12%\u00a0\u00bb bottom_padding=\u00a0\u00bb12%\u00a0\u00bb text_color=\u00a0\u00bbdark\u00a0\u00bb text_align=\u00a0\u00bbleft\u00a0\u00bb row_border_radius=\u00a0\u00bbnone\u00a0\u00bb row_border_radius_applies=\u00a0\u00bbbg\u00a0\u00bb overflow=\u00a0\u00bbvisible\u00a0\u00bb overlay_strength=\u00a0\u00bb0.3&Prime; gradient_direction=\u00a0\u00bbleft_to_right\u00a0\u00bb shape_divider_position=\u00a0\u00bbbottom\u00a0\u00bb bg_image_animation=\u00a0\u00bbnone\u00a0\u00bb parallax_bg=\u00a0\u00bbtrue\u00a0\u00bb parallax_bg_speed=\u00a0\u00bbmedium\u00a0\u00bb shape_type=\u00a0\u00bb\u00a0\u00bb][vc_column column_padding=\u00a0\u00bbno-extra-padding\u00a0\u00bb column_padding_tablet=\u00a0\u00bbinherit\u00a0\u00bb column_padding_phone=\u00a0\u00bbinherit\u00a0\u00bb column_padding_position=\u00a0\u00bball\u00a0\u00bb left_margin=\u00a0\u00bb6%\u00a0\u00bb right_margin=\u00a0\u00bb6%\u00a0\u00bb column_element_direction_desktop=\u00a0\u00bbdefault\u00a0\u00bb column_element_spacing=\u00a0\u00bbdefault\u00a0\u00bb desktop_text_alignment=\u00a0\u00bbdefault\u00a0\u00bb tablet_text_alignment=\u00a0\u00bbdefault\u00a0\u00bb phone_text_alignment=\u00a0\u00bbdefault\u00a0\u00bb background_color_opacity=\u00a0\u00bb1&Prime; background_hover_color_opacity=\u00a0\u00bb1&Prime; column_backdrop_filter=\u00a0\u00bbnone\u00a0\u00bb column_shadow=\u00a0\u00bbnone\u00a0\u00bb column_border_radius=\u00a0\u00bbnone\u00a0\u00bb column_link_target=\u00a0\u00bb_self\u00a0\u00bb column_position=\u00a0\u00bbdefault\u00a0\u00bb gradient_direction=\u00a0\u00bbleft_to_right\u00a0\u00bb overlay_strength=\u00a0\u00bb0.3&Prime; width=\u00a0\u00bb1\/1&Prime; tablet_width_inherit=\u00a0\u00bbdefault\u00a0\u00bb animation_type=\u00a0\u00bbdefault\u00a0\u00bb bg_image_animation=\u00a0\u00bbnone\u00a0\u00bb border_type=\u00a0\u00bbsimple\u00a0\u00bb column_border_width=\u00a0\u00bbnone\u00a0\u00bb column_border_style=\u00a0\u00bbsolid\u00a0\u00bb][\/vc_column][\/vc_row]\n","protected":false},"excerpt":{"rendered":"<p>[vc_row type=\u00a0\u00bbin_container\u00a0\u00bb full_screen_row_position=\u00a0\u00bbmiddle\u00a0\u00bb column_margin=\u00a0\u00bb30px\u00a0\u00bb column_direction=\u00a0\u00bbdefault\u00a0\u00bb column_direction_tablet=\u00a0\u00bbdefault\u00a0\u00bb column_direction_phone=\u00a0\u00bbdefault\u00a0\u00bb scene_position=\u00a0\u00bbcenter\u00a0\u00bb top_padding=\u00a0\u00bb3%\u00a0\u00bb bottom_padding=\u00a0\u00bb3%\u00a0\u00bb text_color=\u00a0\u00bbdark\u00a0\u00bb text_align=\u00a0\u00bbleft\u00a0\u00bb row_border_radius=\u00a0\u00bbnone\u00a0\u00bb row_border_radius_applies=\u00a0\u00bbbg\u00a0\u00bb overflow=\u00a0\u00bbvisible\u00a0\u00bb overlay_strength=\u00a0\u00bb0.3&Prime; gradient_direction=\u00a0\u00bbleft_to_right\u00a0\u00bb shape_divider_position=\u00a0\u00bbbottom\u00a0\u00bb bg_image_animation=\u00a0\u00bbnone\u00a0\u00bb shape_type=\u00a0\u00bb\u00a0\u00bb][vc_column column_padding=\u00a0\u00bbno-extra-padding\u00a0\u00bb column_padding_tablet=\u00a0\u00bbinherit\u00a0\u00bb column_padding_phone=\u00a0\u00bbinherit\u00a0\u00bb column_padding_position=\u00a0\u00bball\u00a0\u00bb column_element_direction_desktop=\u00a0\u00bbdefault\u00a0\u00bb column_element_spacing=\u00a0\u00bbdefault\u00a0\u00bb desktop_text_alignment=\u00a0\u00bbdefault\u00a0\u00bb tablet_text_alignment=\u00a0\u00bbdefault\u00a0\u00bb phone_text_alignment=\u00a0\u00bbdefault\u00a0\u00bb background_color_opacity=\u00a0\u00bb1&Prime;&#8230;<\/p>\n","protected":false},"author":3,"featured_media":0,"parent":682,"menu_order":0,"comment_status":"closed","ping_status":"closed","template":"","meta":{"footnotes":""},"class_list":["post-1358","page","type-page","status-publish"],"yoast_head":"<!-- This site is optimized with the Yoast SEO plugin v25.9 - https:\/\/yoast.com\/wordpress\/plugins\/seo\/ -->\n<title>Mise en vente de la propri\u00e9t\u00e9 - MAM<\/title>\n<meta name=\"robots\" content=\"index, follow, max-snippet:-1, max-image-preview:large, max-video-preview:-1\" \/>\n<link rel=\"canonical\" href=\"https:\/\/mamsolicitors.com\/fr\/vendre-sa-maison\/mise-en-vente-de-la-maison\/\" \/>\n<meta property=\"og:locale\" content=\"fr_FR\" \/>\n<meta property=\"og:type\" content=\"article\" \/>\n<meta property=\"og:title\" content=\"Mise en vente de la propri\u00e9t\u00e9 - MAM\" \/>\n<meta property=\"og:description\" content=\"[vc_row type=\u00a0\u00bbin_container\u00a0\u00bb full_screen_row_position=\u00a0\u00bbmiddle\u00a0\u00bb column_margin=\u00a0\u00bb30px\u00a0\u00bb column_direction=\u00a0\u00bbdefault\u00a0\u00bb column_direction_tablet=\u00a0\u00bbdefault\u00a0\u00bb column_direction_phone=\u00a0\u00bbdefault\u00a0\u00bb scene_position=\u00a0\u00bbcenter\u00a0\u00bb top_padding=\u00a0\u00bb3%\u00a0\u00bb bottom_padding=\u00a0\u00bb3%\u00a0\u00bb text_color=\u00a0\u00bbdark\u00a0\u00bb text_align=\u00a0\u00bbleft\u00a0\u00bb row_border_radius=\u00a0\u00bbnone\u00a0\u00bb row_border_radius_applies=\u00a0\u00bbbg\u00a0\u00bb overflow=\u00a0\u00bbvisible\u00a0\u00bb overlay_strength=\u00a0\u00bb0.3&Prime; gradient_direction=\u00a0\u00bbleft_to_right\u00a0\u00bb shape_divider_position=\u00a0\u00bbbottom\u00a0\u00bb bg_image_animation=\u00a0\u00bbnone\u00a0\u00bb shape_type=\u00a0\u00bb\u00a0\u00bb][vc_column column_padding=\u00a0\u00bbno-extra-padding\u00a0\u00bb column_padding_tablet=\u00a0\u00bbinherit\u00a0\u00bb column_padding_phone=\u00a0\u00bbinherit\u00a0\u00bb column_padding_position=\u00a0\u00bball\u00a0\u00bb column_element_direction_desktop=\u00a0\u00bbdefault\u00a0\u00bb column_element_spacing=\u00a0\u00bbdefault\u00a0\u00bb desktop_text_alignment=\u00a0\u00bbdefault\u00a0\u00bb tablet_text_alignment=\u00a0\u00bbdefault\u00a0\u00bb phone_text_alignment=\u00a0\u00bbdefault\u00a0\u00bb background_color_opacity=\u00a0\u00bb1&Prime;...\" \/>\n<meta property=\"og:url\" content=\"https:\/\/mamsolicitors.com\/fr\/vendre-sa-maison\/mise-en-vente-de-la-maison\/\" \/>\n<meta property=\"og:site_name\" content=\"MAM\" \/>\n<meta property=\"article:modified_time\" content=\"2023-02-07T13:12:01+00:00\" \/>\n<meta name=\"twitter:card\" content=\"summary_large_image\" \/>\n<meta name=\"twitter:label1\" content=\"Dur\u00e9e de lecture estim\u00e9e\" \/>\n\t<meta name=\"twitter:data1\" content=\"3 minutes\" \/>\n<script type=\"application\/ld+json\" class=\"yoast-schema-graph\">{\"@context\":\"https:\/\/schema.org\",\"@graph\":[{\"@type\":\"WebPage\",\"@id\":\"https:\/\/mamsolicitors.com\/fr\/vendre-sa-maison\/mise-en-vente-de-la-maison\/\",\"url\":\"https:\/\/mamsolicitors.com\/fr\/vendre-sa-maison\/mise-en-vente-de-la-maison\/\",\"name\":\"Mise en vente de la propri\u00e9t\u00e9 - MAM\",\"isPartOf\":{\"@id\":\"https:\/\/mamsolicitors.com\/#website\"},\"datePublished\":\"2022-04-02T13:52:12+00:00\",\"dateModified\":\"2023-02-07T13:12:01+00:00\",\"breadcrumb\":{\"@id\":\"https:\/\/mamsolicitors.com\/fr\/vendre-sa-maison\/mise-en-vente-de-la-maison\/#breadcrumb\"},\"inLanguage\":\"fr-FR\",\"potentialAction\":[{\"@type\":\"ReadAction\",\"target\":[\"https:\/\/mamsolicitors.com\/fr\/vendre-sa-maison\/mise-en-vente-de-la-maison\/\"]}]},{\"@type\":\"BreadcrumbList\",\"@id\":\"https:\/\/mamsolicitors.com\/fr\/vendre-sa-maison\/mise-en-vente-de-la-maison\/#breadcrumb\",\"itemListElement\":[{\"@type\":\"ListItem\",\"position\":1,\"name\":\"Home\",\"item\":\"https:\/\/mamsolicitors.com\/fr\/\"},{\"@type\":\"ListItem\",\"position\":2,\"name\":\"Vendre sa maison\",\"item\":\"https:\/\/mamsolicitors.com\/fr\/vendre-sa-maison\/\"},{\"@type\":\"ListItem\",\"position\":3,\"name\":\"Mise en vente de la propri\u00e9t\u00e9\"}]},{\"@type\":\"WebSite\",\"@id\":\"https:\/\/mamsolicitors.com\/#website\",\"url\":\"https:\/\/mamsolicitors.com\/\",\"name\":\"MAM\",\"description\":\"Your trusted Law Firm in Spain\",\"potentialAction\":[{\"@type\":\"SearchAction\",\"target\":{\"@type\":\"EntryPoint\",\"urlTemplate\":\"https:\/\/mamsolicitors.com\/?s={search_term_string}\"},\"query-input\":{\"@type\":\"PropertyValueSpecification\",\"valueRequired\":true,\"valueName\":\"search_term_string\"}}],\"inLanguage\":\"fr-FR\"}]}<\/script>\n<!-- \/ Yoast SEO plugin. -->","yoast_head_json":{"title":"Mise en vente de la propri\u00e9t\u00e9 - MAM","robots":{"index":"index","follow":"follow","max-snippet":"max-snippet:-1","max-image-preview":"max-image-preview:large","max-video-preview":"max-video-preview:-1"},"canonical":"https:\/\/mamsolicitors.com\/fr\/vendre-sa-maison\/mise-en-vente-de-la-maison\/","og_locale":"fr_FR","og_type":"article","og_title":"Mise en vente de la propri\u00e9t\u00e9 - MAM","og_description":"[vc_row type=\u00a0\u00bbin_container\u00a0\u00bb full_screen_row_position=\u00a0\u00bbmiddle\u00a0\u00bb column_margin=\u00a0\u00bb30px\u00a0\u00bb column_direction=\u00a0\u00bbdefault\u00a0\u00bb column_direction_tablet=\u00a0\u00bbdefault\u00a0\u00bb column_direction_phone=\u00a0\u00bbdefault\u00a0\u00bb scene_position=\u00a0\u00bbcenter\u00a0\u00bb top_padding=\u00a0\u00bb3%\u00a0\u00bb bottom_padding=\u00a0\u00bb3%\u00a0\u00bb text_color=\u00a0\u00bbdark\u00a0\u00bb text_align=\u00a0\u00bbleft\u00a0\u00bb row_border_radius=\u00a0\u00bbnone\u00a0\u00bb row_border_radius_applies=\u00a0\u00bbbg\u00a0\u00bb overflow=\u00a0\u00bbvisible\u00a0\u00bb overlay_strength=\u00a0\u00bb0.3&Prime; gradient_direction=\u00a0\u00bbleft_to_right\u00a0\u00bb shape_divider_position=\u00a0\u00bbbottom\u00a0\u00bb bg_image_animation=\u00a0\u00bbnone\u00a0\u00bb shape_type=\u00a0\u00bb\u00a0\u00bb][vc_column column_padding=\u00a0\u00bbno-extra-padding\u00a0\u00bb column_padding_tablet=\u00a0\u00bbinherit\u00a0\u00bb column_padding_phone=\u00a0\u00bbinherit\u00a0\u00bb column_padding_position=\u00a0\u00bball\u00a0\u00bb column_element_direction_desktop=\u00a0\u00bbdefault\u00a0\u00bb column_element_spacing=\u00a0\u00bbdefault\u00a0\u00bb desktop_text_alignment=\u00a0\u00bbdefault\u00a0\u00bb tablet_text_alignment=\u00a0\u00bbdefault\u00a0\u00bb phone_text_alignment=\u00a0\u00bbdefault\u00a0\u00bb background_color_opacity=\u00a0\u00bb1&Prime;...","og_url":"https:\/\/mamsolicitors.com\/fr\/vendre-sa-maison\/mise-en-vente-de-la-maison\/","og_site_name":"MAM","article_modified_time":"2023-02-07T13:12:01+00:00","twitter_card":"summary_large_image","twitter_misc":{"Dur\u00e9e de lecture estim\u00e9e":"3 minutes"},"schema":{"@context":"https:\/\/schema.org","@graph":[{"@type":"WebPage","@id":"https:\/\/mamsolicitors.com\/fr\/vendre-sa-maison\/mise-en-vente-de-la-maison\/","url":"https:\/\/mamsolicitors.com\/fr\/vendre-sa-maison\/mise-en-vente-de-la-maison\/","name":"Mise en vente de la propri\u00e9t\u00e9 - MAM","isPartOf":{"@id":"https:\/\/mamsolicitors.com\/#website"},"datePublished":"2022-04-02T13:52:12+00:00","dateModified":"2023-02-07T13:12:01+00:00","breadcrumb":{"@id":"https:\/\/mamsolicitors.com\/fr\/vendre-sa-maison\/mise-en-vente-de-la-maison\/#breadcrumb"},"inLanguage":"fr-FR","potentialAction":[{"@type":"ReadAction","target":["https:\/\/mamsolicitors.com\/fr\/vendre-sa-maison\/mise-en-vente-de-la-maison\/"]}]},{"@type":"BreadcrumbList","@id":"https:\/\/mamsolicitors.com\/fr\/vendre-sa-maison\/mise-en-vente-de-la-maison\/#breadcrumb","itemListElement":[{"@type":"ListItem","position":1,"name":"Home","item":"https:\/\/mamsolicitors.com\/fr\/"},{"@type":"ListItem","position":2,"name":"Vendre sa maison","item":"https:\/\/mamsolicitors.com\/fr\/vendre-sa-maison\/"},{"@type":"ListItem","position":3,"name":"Mise en vente de la propri\u00e9t\u00e9"}]},{"@type":"WebSite","@id":"https:\/\/mamsolicitors.com\/#website","url":"https:\/\/mamsolicitors.com\/","name":"MAM","description":"Your trusted Law Firm in Spain","potentialAction":[{"@type":"SearchAction","target":{"@type":"EntryPoint","urlTemplate":"https:\/\/mamsolicitors.com\/?s={search_term_string}"},"query-input":{"@type":"PropertyValueSpecification","valueRequired":true,"valueName":"search_term_string"}}],"inLanguage":"fr-FR"}]}},"_links":{"self":[{"href":"https:\/\/mamsolicitors.com\/fr\/wp-json\/wp\/v2\/pages\/1358","targetHints":{"allow":["GET"]}}],"collection":[{"href":"https:\/\/mamsolicitors.com\/fr\/wp-json\/wp\/v2\/pages"}],"about":[{"href":"https:\/\/mamsolicitors.com\/fr\/wp-json\/wp\/v2\/types\/page"}],"author":[{"embeddable":true,"href":"https:\/\/mamsolicitors.com\/fr\/wp-json\/wp\/v2\/users\/3"}],"replies":[{"embeddable":true,"href":"https:\/\/mamsolicitors.com\/fr\/wp-json\/wp\/v2\/comments?post=1358"}],"version-history":[{"count":4,"href":"https:\/\/mamsolicitors.com\/fr\/wp-json\/wp\/v2\/pages\/1358\/revisions"}],"predecessor-version":[{"id":2186,"href":"https:\/\/mamsolicitors.com\/fr\/wp-json\/wp\/v2\/pages\/1358\/revisions\/2186"}],"up":[{"embeddable":true,"href":"https:\/\/mamsolicitors.com\/fr\/wp-json\/wp\/v2\/pages\/682"}],"wp:attachment":[{"href":"https:\/\/mamsolicitors.com\/fr\/wp-json\/wp\/v2\/media?parent=1358"}],"curies":[{"name":"wp","href":"https:\/\/api.w.org\/{rel}","templated":true}]}}